{"id":34,"date":"2014-11-19T13:48:02","date_gmt":"2014-11-19T11:48:02","guid":{"rendered":"https:\/\/lempea.fi\/vedicart\/?page_id=34"},"modified":"2024-12-03T20:11:32","modified_gmt":"2024-12-03T18:11:32","slug":"kurssit","status":"publish","type":"page","link":"https:\/\/lempea.fi\/vedicart\/kurssit\/","title":{"rendered":"K\u00e4yt\u00e4nn\u00f6n kurssitietoa"},"content":{"rendered":"\n<h2 class=\"wp-block-heading\">Peruskurssi<\/h2>\n\n\n\n<p>Vedic Art peruskurssi on noin 30 tunnin kokonaisuus, joka useimmiten jaetaan&nbsp;kolmeen viikonloppukurssiin.<br>Kursseilla voi olla yht\u00e4aikaa eri vaiheissa olevia&nbsp;oppilaita.<\/p>\n\n\n\n<h2 class=\"wp-block-heading\">Aikataulu viikonloppukursseilla<\/h2>\n\n\n\n<p>Kurssip\u00e4iv\u00e4 alkaa kaikille yhteisell\u00e4 ohjelmalla klo 10:15. Tule siis ajoissa paikalle. Kurssip\u00e4iv\u00e4 p\u00e4\u00e4ttyy klo 16. Lounastauko on tunnin mittainen. Aamu- ja iltap\u00e4iv\u00e4ty\u00f6skentelyn lomassa pidet\u00e4\u00e4n kahvitauko. Talo tarjoaa kahvia ja teet\u00e4.<\/p>\n\n\n\n<h2 class=\"wp-block-heading\">Paikka<\/h2>\n\n\n\n<p>Kurssipaikka on Lempe\u00e4n Kontion Luova tila Pikisaaressa.<br><strong>Osoite:<\/strong> Kulttuurikiihdytt\u00e4m\u00f6 TILA, Pikisaarentie 15 B<br>3. kerros<\/p>\n\n\n\n<h2 class=\"wp-block-heading\">Ilmoittautumiset ja kurssihinnat<\/h2>\n\n\n\n<p>Kurssille ilmoittaudutaan maksamalla kurssi Lempe\u00e4n Kontion verkkokaupassa. My\u00f6s ajankohtaiset kurssit l\u00f6ytyv\u00e4t verkkokaupassa.<\/p>\n\n\n\n<div class=\"wp-block-buttons is-content-justification-center is-layout-flex wp-container-core-buttons-is-layout-1 wp-block-buttons-is-layout-flex\">\n<div class=\"wp-block-button is-style-fill\"><a class=\"wp-block-button__link has-background wp-element-button\" href=\"https:\/\/lempeakontio.fi\/tuote-osasto\/kurssit\/\" style=\"background-color:#0939a5\" target=\"_blank\" rel=\"noreferrer noopener\">Lempe\u00e4n Kontion -verkkokauppaan<\/a><\/div>\n<\/div>\n\n\n\n<h2 class=\"wp-block-heading\">Tarvikkeet 1. viikonloppu<\/h2>\n\n\n\n<p>&#8211; essu tai vaatteet jotka saavatkin v\u00e4h\u00e4n sotkeutua<br>&#8211; sis\u00e4keng\u00e4t tai tossut<br>&#8211; erilaista ja eri kokoista paperia, A4\u2013A2<br>&#8211; suttupaperia, esim. nippu toiselta puolen tyhji\u00e4 tulostuspapereita<br>&#8211; lyijykyni\u00e4 (mielell\u00e4\u00e4n pehmeit\u00e4 3B\u20136B) ja terotin<br>&#8211; v\u00e4rej\u00e4, esimerkiksi v\u00e4rikyn\u00e4t, v\u00e4riliidut, vesi- tai peitev\u00e4rit, mit\u00e4 kotoa l\u00f6ytyy<br>&#8211; sakset, maalarinteippi\u00e4, liimaa ja siveltimet sek\u00e4 vesikupit<br>&#8211; talouspaperia tai riepuja pensselien sun muun pyyhkimiseen<\/p>\n\n\n\n<p>Ota mukaan sellaisia tarvikkeita joilla tykk\u00e4\u00e4t tehd\u00e4 ja joita jo omistat.<br>Vaikka suunnitelmissa olisi aloittaa maalaaminen, niin ensimm\u00e4isen\u00e4 kurssiviikonloppuna ei viel\u00e4 tarvita maalaustarvikkeita. Vedic Art kursseilla k\u00e4ytet\u00e4\u00e4n p\u00e4\u00e4asiassa akryyliv\u00e4rej\u00e4 mutta my\u00f6s vesi- ja peitev\u00e4rit k\u00e4yv\u00e4t. Hitaan kuivumisen takia \u00f6ljyv\u00e4rit eiv\u00e4t sovellu Vedic Art kursseille.<\/p>\n\n\n\n<h2 class=\"wp-block-heading\">Tarvikkeet 2. ja 3. viikonloppu<\/h2>\n\n\n\n<p>Edellisten lis\u00e4ksi: maalaustarvikkeet eli mielell\u00e4\u00e4n akryyliv\u00e4rit ja 1-2&nbsp;valmista maalauspohjaa. Akryyliv\u00e4reill\u00e4 maalaamisen voi aloittaa my\u00f6s akvarellipaperille. Vesi ja peitev\u00e4rej\u00e4 voi k\u00e4ytt\u00e4\u00e4 yhdess\u00e4 akryyliv\u00e4rien kanssa. Edulliset perustarvikkeet sopivat aloittelijoille oikein hyvin, niin voi antaumuksella maalata eik\u00e4 tarvitse s\u00e4\u00e4stell\u00e4 v\u00e4rien k\u00e4yt\u00f6ss\u00e4.<\/p>\n\n\n\n<p>Muista my\u00f6s siveltimet ja vesikupit. V\u00e4ripaletiksi sopivat mm. kertak\u00e4ytt\u00f6lautaset tai konvehtirasian kennostot.<\/p>\n\n\n\n<p>Lis\u00e4ksi talouspaperia, riepuja, r\u00e4ttej\u00e4, sieni\u00e4, ohuita suojak\u00e4sineit\u00e4, palettiveitsi tai sen korvikkeena vanha pankki tms. kortti.<\/p>\n\n\n\n<figure class=\"wp-block-image\"><a href=\"https:\/\/lempea.fi\/vedicart\/wp-content\/uploads\/2015\/10\/tyopiste-01.jpg\"><img loading=\"lazy\" decoding=\"async\" width=\"650\" height=\"300\" src=\"https:\/\/lempea.fi\/vedicart\/wp-content\/uploads\/2015\/10\/tyopiste-01.jpg\" alt=\"tyopiste-01\" class=\"wp-image-176\" srcset=\"https:\/\/lempea.fi\/vedicart\/wp-content\/uploads\/2015\/10\/tyopiste-01.jpg 650w, https:\/\/lempea.fi\/vedicart\/wp-content\/uploads\/2015\/10\/tyopiste-01-300x138.jpg 300w, https:\/\/lempea.fi\/vedicart\/wp-content\/uploads\/2015\/10\/tyopiste-01-600x277.jpg 600w\" sizes=\"auto, (max-width: 650px) 100vw, 650px\" \/><\/a><\/figure>\n","protected":false},"excerpt":{"rendered":"<p>Peruskurssi Vedic Art peruskurssi on noin 30 tunnin kokonaisuus, joka useimmiten jaetaan&nbsp;kolmeen viikonloppukurssiin.Kursseilla voi olla yht\u00e4aikaa eri vaiheissa olevia&nbsp;oppilaita. Aikataulu viikonloppukursseilla Kurssip\u00e4iv\u00e4 alkaa kaikille yhteisell\u00e4 ohjelmalla klo 10:15. Tule siis ajoissa paikalle. Kurssip\u00e4iv\u00e4 p\u00e4\u00e4ttyy klo 16. Lounastauko on tunnin mittainen. Aamu- ja iltap\u00e4iv\u00e4ty\u00f6skentelyn lomassa pidet\u00e4\u00e4n kahvitauko. Talo tarjoaa kahvia ja teet\u00e4. Paikka Kurssipaikka on Lempe\u00e4n&#8230;<\/p>\n<p><a class=\"more-link\" href=\"https:\/\/lempea.fi\/vedicart\/kurssit\/\">Read More &raquo;<\/a><\/p>\n","protected":false},"author":2,"featured_media":0,"parent":0,"menu_order":8,"comment_status":"closed","ping_status":"open","template":"","meta":{"_genesis_hide_title":false,"_genesis_hide_breadcrumbs":false,"_genesis_hide_singular_image":false,"_genesis_hide_footer_widgets":false,"_genesis_custom_body_class":"","_genesis_custom_post_class":"","_genesis_layout":"","footnotes":""},"class_list":{"0":"post-34","1":"page","2":"type-page","3":"status-publish","5":"entry"},"_links":{"self":[{"href":"https:\/\/lempea.fi\/vedicart\/wp-json\/wp\/v2\/pages\/34","targetHints":{"allow":["GET"]}}],"collection":[{"href":"https:\/\/lempea.fi\/vedicart\/wp-json\/wp\/v2\/pages"}],"about":[{"href":"https:\/\/lempea.fi\/vedicart\/wp-json\/wp\/v2\/types\/page"}],"author":[{"embeddable":true,"href":"https:\/\/lempea.fi\/vedicart\/wp-json\/wp\/v2\/users\/2"}],"replies":[{"embeddable":true,"href":"https:\/\/lempea.fi\/vedicart\/wp-json\/wp\/v2\/comments?post=34"}],"version-history":[{"count":39,"href":"https:\/\/lempea.fi\/vedicart\/wp-json\/wp\/v2\/pages\/34\/revisions"}],"predecessor-version":[{"id":396,"href":"https:\/\/lempea.fi\/vedicart\/wp-json\/wp\/v2\/pages\/34\/revisions\/396"}],"wp:attachment":[{"href":"https:\/\/lempea.fi\/vedicart\/wp-json\/wp\/v2\/media?parent=34"}],"curies":[{"name":"wp","href":"https:\/\/api.w.org\/{rel}","templated":true}]}}